{"id":32,"date":"2024-06-20T09:06:57","date_gmt":"2024-06-20T09:06:57","guid":{"rendered":"https:\/\/demo.casethemes.net\/industio\/?page_id=32"},"modified":"2025-01-25T07:49:41","modified_gmt":"2025-01-25T07:49:41","slug":"products-and-services","status":"publish","type":"page","link":"http:\/\/www.istekaluminyum.com.tr\/en\/products-and-services\/","title":{"rendered":"Products and Services"},"content":{"rendered":"<div data-elementor-type=\"wp-page\" data-elementor-id=\"32\" class=\"elementor elementor-32\">\n\t\t\t\t        <section class=\"elementor-section elementor-top-section elementor-element elementor-element-6fcf9b9 elementor-section-boxed elementor-section-height-default elementor-section-height-default pxl-row-scroll-none pxl-zoom-point-false pxl-section-overflow-visible pxl-section-fix-none pxl-bg-color-none pxl-section-overlay-none\" data-id=\"6fcf9b9\" data-element_type=\"section\">\n\n                \n                <div class=\"elementor-container elementor-column-gap-extended\">\n                <div class=\"elementor-column elementor-col-100 elementor-top-column elementor-element elementor-element-654c5d6 pxl-column-none pxl-column-overflow-hidden-no\" data-id=\"654c5d6\" data-element_type=\"column\">\r\n        <div class=\"elementor-widget-wrap elementor-element-populated\">\r\n                     \r\n        \t\t<div class=\"elementor-element elementor-element-bc4d845 elementor-widget elementor-widget-pxl_heading\" data-id=\"bc4d845\" data-element_type=\"widget\" data-widget_type=\"pxl_heading.default\">\n\t\t\t\t<div class=\"elementor-widget-container\">\n\t\t\t\t\t\n<div id=\"pxl-pxl_heading-bc4d845-5202\" class=\"pxl-heading\">\n\t<div class=\"pxl-heading--inner\">\n\t\t\n\t\t<h2 class=\"pxl-item--title style-default highlight-default\" data-wow-delay=\"ms\">\n\n\t\t\t<span class=\"pxl-heading--text\">\n\n\t\t\t\t\t\t\t\t\tOur Products and Services\t\n\t\t\t\t\t\n\n\t\t\t<\/span>\n\t\t<\/h2>\n\t\t\n\t<\/div>\n<\/div>\t\t\t\t<\/div>\n\t\t\t\t<\/div>\n\t\t\t\t<div class=\"elementor-element elementor-element-8feff8e pxl-post-layout-service-2 elementor-widget elementor-widget-pxl_post_grid\" data-id=\"8feff8e\" data-element_type=\"widget\" data-widget_type=\"pxl_post_grid.default\">\n\t\t\t\t<div class=\"elementor-widget-container\">\n\t\t\t\t\t\n<div id=\"pxl_post_grid-8feff8e-4527\" class=\"pxl-grid pxl-service-grid pxl-service-grid-layout2\" data-start-page=\"1\" data-max-pages=\"1\" data-total=\"4\" data-perpage=\"6\" data-next-link=\"\">\n    \n    <div class=\"pxl-grid-inner pxl-grid-masonry row\" data-gutter=\"15\">\n                    <div class=\"pxl-grid-item col-xl-4 col-lg-4 col-md-6 col-sm-6 col-12 hizmetler\">\n                <div class=\"pxl-post--inner item-style1\">\n                                            <div class=\"pxl-post--featured\">\n                            <div class=\"inner-post--featured\">\n                                <img fetchpriority=\"high\" decoding=\"async\" class=\"\" src=\"https:\/\/www.istekaluminyum.com.tr\/wp-content\/uploads\/2024\/12\/atasermetal-sandvic-panel2-1280x960-1-600x472.png\" width=\"600\" height=\"472\" alt=\"atasermetal-sandvic-panel2-1280x960\" title=\"atasermetal-sandvic-panel2-1280x960\" \/>    \n                            <\/div>\n                                                                                        <div class=\"pxl-post--icon\">\n                                    <div class=\"inner-icon pxl-fl-middle\">\n                                                                            <\/div>\n                                                                            <span class=\"line-item line-1\"><\/span>\n                                        <span class=\"line-item line-2\"><\/span>\n                                        <span class=\"line-item line-3\"><\/span>\n                                                                    <\/div>\n                                                        \n                            <a class=\"pxl-post--link\" href=\"http:\/\/www.istekaluminyum.com.tr\/en\/service\/sandwich-panel\/\"><\/a>\n                        <\/div>\n                                        <div class=\"pxl-post--contents\">\n                        <div class=\"inner--holder\">\n                                                            <div class=\"pxl-post--category\"><a href=\"http:\/\/www.istekaluminyum.com.tr\/en\/service-category\/services\/\" rel=\"tag\">Products &amp; Services<\/a><\/div>\n                                                                                    <h3 class=\"pxl-post--title\">\n                                <a href=\"http:\/\/www.istekaluminyum.com.tr\/en\/service\/sandwich-panel\/\">Sandwich Panel<\/a>\n                            <\/h3>\n                        <\/div>\n                    <\/div>\n                    <div class=\"pxl-post--contents-holder\">\n                        <div class=\"inner--holder\">\n                                                                                        <div class=\"pxl-post--category\"><a href=\"http:\/\/www.istekaluminyum.com.tr\/en\/service-category\/services\/\" rel=\"tag\">Products &amp; Services<\/a><\/div>\n                                                        <h3 class=\"pxl-post--title\">\n                                <a href=\"http:\/\/www.istekaluminyum.com.tr\/en\/service\/sandwich-panel\/\">Sandwich Panel<\/a>\n                            <\/h3>\n                                                            <div class=\"pxl-post--content\">\n                                                                    <\/div>\n                                                                                        <a class=\"btn\" href=\"http:\/\/www.istekaluminyum.com.tr\/en\/service\/sandwich-panel\/\">\n                                    <span class=\"btn--text\">\n                                        Read More                                    <\/span>\n                                                                            <span class=\"btn--icon\">\n                                            <i class=\"flaticon flaticon-up-right-arrow-1\"><\/i>    \n                                        <\/span>\n                                                                    <\/a>\n                                                    <\/div>\n                    <\/div>\n                <\/div>\n            <\/div>\n                    <div class=\"pxl-grid-item col-xl-4 col-lg-4 col-md-6 col-sm-6 col-12 hizmetler\">\n                <div class=\"pxl-post--inner item-style1\">\n                                            <div class=\"pxl-post--featured\">\n                            <div class=\"inner-post--featured\">\n                                <img decoding=\"async\" class=\"\" src=\"https:\/\/www.istekaluminyum.com.tr\/wp-content\/uploads\/2024\/12\/Untitled_1_1-600x472.jpg\" width=\"600\" height=\"472\" alt=\"Untitled_1_1\" title=\"Untitled_1_1\" \/>    \n                            <\/div>\n                                                                                        <div class=\"pxl-post--icon\">\n                                    <div class=\"inner-icon pxl-fl-middle\">\n                                                                            <\/div>\n                                                                            <span class=\"line-item line-1\"><\/span>\n                                        <span class=\"line-item line-2\"><\/span>\n                                        <span class=\"line-item line-3\"><\/span>\n                                                                    <\/div>\n                                                        \n                            <a class=\"pxl-post--link\" href=\"http:\/\/www.istekaluminyum.com.tr\/en\/service\/aluminum-roll\/\"><\/a>\n                        <\/div>\n                                        <div class=\"pxl-post--contents\">\n                        <div class=\"inner--holder\">\n                                                            <div class=\"pxl-post--category\"><a href=\"http:\/\/www.istekaluminyum.com.tr\/en\/service-category\/services\/\" rel=\"tag\">Products &amp; Services<\/a><\/div>\n                                                                                    <h3 class=\"pxl-post--title\">\n                                <a href=\"http:\/\/www.istekaluminyum.com.tr\/en\/service\/aluminum-roll\/\">Aluminum Coil<\/a>\n                            <\/h3>\n                        <\/div>\n                    <\/div>\n                    <div class=\"pxl-post--contents-holder\">\n                        <div class=\"inner--holder\">\n                                                                                        <div class=\"pxl-post--category\"><a href=\"http:\/\/www.istekaluminyum.com.tr\/en\/service-category\/services\/\" rel=\"tag\">Products &amp; Services<\/a><\/div>\n                                                        <h3 class=\"pxl-post--title\">\n                                <a href=\"http:\/\/www.istekaluminyum.com.tr\/en\/service\/aluminum-roll\/\">Aluminum Coil<\/a>\n                            <\/h3>\n                                                            <div class=\"pxl-post--content\">\n                                                                    <\/div>\n                                                                                        <a class=\"btn\" href=\"http:\/\/www.istekaluminyum.com.tr\/en\/service\/aluminum-roll\/\">\n                                    <span class=\"btn--text\">\n                                        Read More                                    <\/span>\n                                                                            <span class=\"btn--icon\">\n                                            <i class=\"flaticon flaticon-up-right-arrow-1\"><\/i>    \n                                        <\/span>\n                                                                    <\/a>\n                                                    <\/div>\n                    <\/div>\n                <\/div>\n            <\/div>\n                    <div class=\"pxl-grid-item col-xl-4 col-lg-4 col-md-6 col-sm-6 col-12 hizmetler\">\n                <div class=\"pxl-post--inner item-style1\">\n                                            <div class=\"pxl-post--featured\">\n                            <div class=\"inner-post--featured\">\n                                <img decoding=\"async\" class=\"\" src=\"https:\/\/www.istekaluminyum.com.tr\/wp-content\/uploads\/2024\/12\/aluminyum-levha-600x472.jpg\" width=\"600\" height=\"472\" alt=\"aluminum sheet\" title=\"aluminum sheet\" \/>    \n                            <\/div>\n                                                                                        <div class=\"pxl-post--icon\">\n                                    <div class=\"inner-icon pxl-fl-middle\">\n                                                                            <\/div>\n                                                                            <span class=\"line-item line-1\"><\/span>\n                                        <span class=\"line-item line-2\"><\/span>\n                                        <span class=\"line-item line-3\"><\/span>\n                                                                    <\/div>\n                                                        \n                            <a class=\"pxl-post--link\" href=\"http:\/\/www.istekaluminyum.com.tr\/en\/service\/aluminum-sheet\/\"><\/a>\n                        <\/div>\n                                        <div class=\"pxl-post--contents\">\n                        <div class=\"inner--holder\">\n                                                            <div class=\"pxl-post--category\"><a href=\"http:\/\/www.istekaluminyum.com.tr\/en\/service-category\/services\/\" rel=\"tag\">Products &amp; Services<\/a><\/div>\n                                                                                    <h3 class=\"pxl-post--title\">\n                                <a href=\"http:\/\/www.istekaluminyum.com.tr\/en\/service\/aluminum-sheet\/\">Aluminum Sheet<\/a>\n                            <\/h3>\n                        <\/div>\n                    <\/div>\n                    <div class=\"pxl-post--contents-holder\">\n                        <div class=\"inner--holder\">\n                                                                                        <div class=\"pxl-post--category\"><a href=\"http:\/\/www.istekaluminyum.com.tr\/en\/service-category\/services\/\" rel=\"tag\">Products &amp; Services<\/a><\/div>\n                                                        <h3 class=\"pxl-post--title\">\n                                <a href=\"http:\/\/www.istekaluminyum.com.tr\/en\/service\/aluminum-sheet\/\">Aluminum Sheet<\/a>\n                            <\/h3>\n                                                            <div class=\"pxl-post--content\">\n                                                                    <\/div>\n                                                                                        <a class=\"btn\" href=\"http:\/\/www.istekaluminyum.com.tr\/en\/service\/aluminum-sheet\/\">\n                                    <span class=\"btn--text\">\n                                        Read More                                    <\/span>\n                                                                            <span class=\"btn--icon\">\n                                            <i class=\"flaticon flaticon-up-right-arrow-1\"><\/i>    \n                                        <\/span>\n                                                                    <\/a>\n                                                    <\/div>\n                    <\/div>\n                <\/div>\n            <\/div>\n                    <div class=\"pxl-grid-item col-xl-4 col-lg-4 col-md-6 col-sm-6 col-12 hizmetler\">\n                <div class=\"pxl-post--inner item-style1\">\n                                            <div class=\"pxl-post--featured\">\n                            <div class=\"inner-post--featured\">\n                                <img loading=\"lazy\" decoding=\"async\" class=\"\" src=\"https:\/\/www.istekaluminyum.com.tr\/wp-content\/uploads\/2024\/12\/profil-545x472.jpg\" width=\"545\" height=\"472\" alt=\"profile\" title=\"profile\" \/>    \n                            <\/div>\n                                                                                        <div class=\"pxl-post--icon\">\n                                    <div class=\"inner-icon pxl-fl-middle\">\n                                                                            <\/div>\n                                                                            <span class=\"line-item line-1\"><\/span>\n                                        <span class=\"line-item line-2\"><\/span>\n                                        <span class=\"line-item line-3\"><\/span>\n                                                                    <\/div>\n                                                        \n                            <a class=\"pxl-post--link\" href=\"http:\/\/www.istekaluminyum.com.tr\/en\/service\/aluminum-profiles\/\"><\/a>\n                        <\/div>\n                                        <div class=\"pxl-post--contents\">\n                        <div class=\"inner--holder\">\n                                                            <div class=\"pxl-post--category\"><a href=\"http:\/\/www.istekaluminyum.com.tr\/en\/service-category\/services\/\" rel=\"tag\">Products &amp; Services<\/a><\/div>\n                                                                                    <h3 class=\"pxl-post--title\">\n                                <a href=\"http:\/\/www.istekaluminyum.com.tr\/en\/service\/aluminum-profiles\/\">Aluminum Profiles<\/a>\n                            <\/h3>\n                        <\/div>\n                    <\/div>\n                    <div class=\"pxl-post--contents-holder\">\n                        <div class=\"inner--holder\">\n                                                                                        <div class=\"pxl-post--category\"><a href=\"http:\/\/www.istekaluminyum.com.tr\/en\/service-category\/services\/\" rel=\"tag\">Products &amp; Services<\/a><\/div>\n                                                        <h3 class=\"pxl-post--title\">\n                                <a href=\"http:\/\/www.istekaluminyum.com.tr\/en\/service\/aluminum-profiles\/\">Aluminum Profiles<\/a>\n                            <\/h3>\n                                                            <div class=\"pxl-post--content\">\n                                                                    <\/div>\n                                                                                        <a class=\"btn\" href=\"http:\/\/www.istekaluminyum.com.tr\/en\/service\/aluminum-profiles\/\">\n                                    <span class=\"btn--text\">\n                                        Read More                                    <\/span>\n                                                                            <span class=\"btn--icon\">\n                                            <i class=\"flaticon flaticon-up-right-arrow-1\"><\/i>    \n                                        <\/span>\n                                                                    <\/a>\n                                                    <\/div>\n                    <\/div>\n                <\/div>\n            <\/div>\n                <div class=\"grid-sizer col-xl-4 col-lg-4 col-md-6 col-sm-6 col-12\"><\/div>\n    <\/div>\n        <\/div>\t\t\t\t<\/div>\n\t\t\t\t<\/div>\n\t\t            <\/div>\r\n        <\/div>\r\n        \t\t\t<\/div>\n\t\t<\/section>\n\t\t\t\t<\/div>","protected":false},"excerpt":{"rendered":"<p>\u00dcr\u00fcnlerimiz ve Hizmetlerimiz \u00dcr\u00fcn &amp; Hizmetler Elektrostatik Toz Boya Hizmetleri \u00dcr\u00fcn &amp; Hizmetler Elektrostatik Toz Boya Hizmetleri Read More \u00dcr\u00fcn &amp; Hizmetler Sandvi\u00e7 Panel \u00dcr\u00fcn &amp; Hizmetler Sandvi\u00e7 Panel Read More \u00dcr\u00fcn &amp; Hizmetler Al\u00fcminyum Rulo \u00dcr\u00fcn &amp; Hizmetler Al\u00fcminyum Rulo Read More \u00dcr\u00fcn &amp; Hizmetler Al\u00fcminyum Levha \u00dcr\u00fcn &amp; Hizmetler Al\u00fcminyum Levha Read More [&hellip;]<\/p>","protected":false},"author":1,"featured_media":0,"parent":0,"menu_order":0,"comment_status":"closed","ping_status":"closed","template":"","meta":{"footnotes":""},"class_list":["post-32","page","type-page","status-publish","hentry"],"_links":{"self":[{"href":"http:\/\/www.istekaluminyum.com.tr\/en\/wp-json\/wp\/v2\/pages\/32","targetHints":{"allow":["GET"]}}],"collection":[{"href":"http:\/\/www.istekaluminyum.com.tr\/en\/wp-json\/wp\/v2\/pages"}],"about":[{"href":"http:\/\/www.istekaluminyum.com.tr\/en\/wp-json\/wp\/v2\/types\/page"}],"author":[{"embeddable":true,"href":"http:\/\/www.istekaluminyum.com.tr\/en\/wp-json\/wp\/v2\/users\/1"}],"replies":[{"embeddable":true,"href":"http:\/\/www.istekaluminyum.com.tr\/en\/wp-json\/wp\/v2\/comments?post=32"}],"version-history":[{"count":0,"href":"http:\/\/www.istekaluminyum.com.tr\/en\/wp-json\/wp\/v2\/pages\/32\/revisions"}],"wp:attachment":[{"href":"http:\/\/www.istekaluminyum.com.tr\/en\/wp-json\/wp\/v2\/media?parent=32"}],"curies":[{"name":"wp","href":"https:\/\/api.w.org\/{rel}","templated":true}]}}