{"id":19,"date":"2024-06-20T08:46:37","date_gmt":"2024-06-20T08:46:37","guid":{"rendered":"https:\/\/demo.casethemes.net\/industio\/?page_id=19"},"modified":"2025-04-29T05:26:10","modified_gmt":"2025-04-29T05:26:10","slug":"about-us","status":"publish","type":"page","link":"https:\/\/www.istekaluminyum.com.tr\/en\/about-us\/","title":{"rendered":"About Us"},"content":{"rendered":"<div data-elementor-type=\"wp-page\" data-elementor-id=\"19\" class=\"elementor elementor-19\">\n\t\t\t\t        <section class=\"elementor-section elementor-top-section elementor-element elementor-element-e7355f4 elementor-section-boxed elementor-section-height-default elementor-section-height-default pxl-row-scroll-none pxl-zoom-point-false pxl-section-overflow-visible pxl-section-fix-none pxl-bg-color-none pxl-section-overlay-none\" data-id=\"e7355f4\" data-element_type=\"section\" data-settings=\"{&quot;background_background&quot;:&quot;classic&quot;}\">\n\n                            <div class=\"elementor-background-overlay\"><\/div>\n            \n                <div class=\"elementor-container elementor-column-gap-extended\">\n                <div class=\"elementor-column elementor-col-50 elementor-top-column elementor-element elementor-element-cada7e3 pxl-column-none pxl-column-overflow-hidden-no\" data-id=\"cada7e3\" data-element_type=\"column\">\r\n        <div class=\"elementor-widget-wrap elementor-element-populated\">\r\n                     \r\n        \t\t<div class=\"elementor-element elementor-element-ca91771 elementor-widget elementor-widget-pxl_banner_box\" data-id=\"ca91771\" data-element_type=\"widget\" data-widget_type=\"pxl_banner_box.default\">\n\t\t\t\t<div class=\"elementor-widget-container\">\n\t\t\t\t\t<div class=\"pxl-banner pxl-banner3\">\r\n\t<div class=\"pxl-banner-inner\">\r\n\t\t\t\t\t<div class=\"pxl-main--image\">\r\n\t\t\t\t<img fetchpriority=\"high\" decoding=\"async\" class=\"\" src=\"https:\/\/www.istekaluminyum.com.tr\/wp-content\/uploads\/2024\/12\/solll.jpg\" width=\"578\" height=\"709\" alt=\"soll\" title=\"soll\" \/>\t\t\t<\/div>\r\n\t\t\t\t\t<\/div>\r\n<\/div>\t\t\t\t<\/div>\n\t\t\t\t<\/div>\n\t\t            <\/div>\r\n        <\/div>\r\n                <div class=\"elementor-column elementor-col-50 elementor-top-column elementor-element elementor-element-5f33938 pxl-column-none pxl-column-overflow-hidden-no\" data-id=\"5f33938\" data-element_type=\"column\">\r\n        <div class=\"elementor-widget-wrap elementor-element-populated\">\r\n                     \r\n        \t\t<div class=\"elementor-element elementor-element-3ebfde1 elementor-widget elementor-widget-pxl_heading\" data-id=\"3ebfde1\" data-element_type=\"widget\" data-widget_type=\"pxl_heading.default\">\n\t\t\t\t<div class=\"elementor-widget-container\">\n\t\t\t\t\t\n<div id=\"pxl-pxl_heading-3ebfde1-2995\" class=\"pxl-heading\">\n\t<div class=\"pxl-heading--inner\">\n\t\t\n\t\t<div class=\"pxl-item--title style-default highlight-default\" data-wow-delay=\"ms\">\n\n\t\t\t<span class=\"pxl-heading--text\">\n\n\t\t\t\t\t\t\t\t\tAbout Us\t\n\t\t\t\t\t\n\n\t\t\t<\/span>\n\t\t<\/div>\n\t\t\n\t<\/div>\n<\/div>\t\t\t\t<\/div>\n\t\t\t\t<\/div>\n\t\t\t\t<div class=\"elementor-element elementor-element-32f4d32 elementor-widget elementor-widget-pxl_text_editor\" data-id=\"32f4d32\" data-element_type=\"widget\" data-widget_type=\"pxl_text_editor.default\">\n\t\t\t\t<div class=\"elementor-widget-container\">\n\t\t\t\t\t<div class=\"pxl-text-editor\">\n\t<div class=\"pxl-item--inner\" data-wow-delay=\"ms\">\n\t\t<p>\u0130stek Global, as a subsidiary of \u0130stek Aluminum, was established in Poland in 2024 and provides aluminum sheet and coil product service through a reliable supplier channel that has been ongoing for years after Europe and the United Kingdom. The main activity of the company is to distribute customs clearance materials quickly and effectively and to ensure a permanent continuous supply chain in the EU and the United Kingdom by maintaining the foreground of the service. Keeping the registered preliminary program of the customers, \u0130stek Global offers solutions for its customers' special customers by adopting high standards in service quality. The company, which makes reliability and performance a perfect appearance, is always with its records as a reliable business partner with expert staff.<\/p><p>\u0130stek Aluminum, which works directly with all major aluminum producers in T\u00fcrkiye and imports flat products from many countries in the world, is a company that manages the sales of 15,000 tons of material annually, 1200 tons per month, with its supplies, and works with a minimum of 1300 tons of ready material stock in its stocks on a regular basis, trying to provide quality and fast service to its customers with the shortest delivery times. It has a wide stock volume and variety with the import of alloy products.<\/p><p>In addition, it provides solutions to project-based works and special-sized demands with its Electrostatic Powder Coating Line, Cutting-Bending Services and Anodized Aluminum Sheet material supply.<\/p><p>Apart from flat product groups, it also sells Extruded product (Profile) groups and Composite Panel products.<\/p><p>Y\u0131ll\u0131k sat\u0131\u015f hacminin %35\u2019lik k\u0131sm\u0131 ihracat olup, global pazarda da faaliyetlerini Polonya\u2019da bulunan \u0130stek Global \u015firketi \u00fczerinden y\u00fcr\u00fctmektedir.<\/p><p>\u0130stek Aluminum continues to be a pioneer in its sector and to provide quality service to all its stakeholders with its business approach based on customer satisfaction and trust.<\/p>\t\t\n\t<\/div>\n<\/div>\t\t\t\t<\/div>\n\t\t\t\t<\/div>\n\t\t            <\/div>\r\n        <\/div>\r\n        \t\t\t<\/div>\n\t\t<\/section>\n\t\t\t\t<\/div>","protected":false},"excerpt":{"rendered":"<p>About Us \u0130stek Aluminum was founded in 2000 to provide aluminum anodizing services. Since its inception, it has consistently expanded its product range, demonstrating a commitment to innovation. Serving in a variety of areas, primarily aluminum flat products, we source a wide and large quantity of products from domestic and international suppliers.<\/p>","protected":false},"author":1,"featured_media":0,"parent":0,"menu_order":0,"comment_status":"closed","ping_status":"closed","template":"","meta":{"footnotes":""},"class_list":["post-19","page","type-page","status-publish","hentry"],"_links":{"self":[{"href":"https:\/\/www.istekaluminyum.com.tr\/en\/wp-json\/wp\/v2\/pages\/19","targetHints":{"allow":["GET"]}}],"collection":[{"href":"https:\/\/www.istekaluminyum.com.tr\/en\/wp-json\/wp\/v2\/pages"}],"about":[{"href":"https:\/\/www.istekaluminyum.com.tr\/en\/wp-json\/wp\/v2\/types\/page"}],"author":[{"embeddable":true,"href":"https:\/\/www.istekaluminyum.com.tr\/en\/wp-json\/wp\/v2\/users\/1"}],"replies":[{"embeddable":true,"href":"https:\/\/www.istekaluminyum.com.tr\/en\/wp-json\/wp\/v2\/comments?post=19"}],"version-history":[{"count":0,"href":"https:\/\/www.istekaluminyum.com.tr\/en\/wp-json\/wp\/v2\/pages\/19\/revisions"}],"wp:attachment":[{"href":"https:\/\/www.istekaluminyum.com.tr\/en\/wp-json\/wp\/v2\/media?parent=19"}],"curies":[{"name":"wp","href":"https:\/\/api.w.org\/{rel}","templated":true}]}}