{"id":19,"date":"2024-06-20T08:46:37","date_gmt":"2024-06-20T08:46:37","guid":{"rendered":"https:\/\/demo.casethemes.net\/industio\/?page_id=19"},"modified":"2025-04-29T05:26:10","modified_gmt":"2025-04-29T05:26:10","slug":"o-nas","status":"publish","type":"page","link":"https:\/\/www.istekaluminyum.com.tr\/pl\/o-nas\/","title":{"rendered":"O nas"},"content":{"rendered":"<div data-elementor-type=\"wp-page\" data-elementor-id=\"19\" class=\"elementor elementor-19\">\n\t\t\t\t        <section class=\"elementor-section elementor-top-section elementor-element elementor-element-e7355f4 elementor-section-boxed elementor-section-height-default elementor-section-height-default pxl-row-scroll-none pxl-zoom-point-false pxl-section-overflow-visible pxl-section-fix-none pxl-bg-color-none pxl-section-overlay-none\" data-id=\"e7355f4\" data-element_type=\"section\" data-settings=\"{&quot;background_background&quot;:&quot;classic&quot;}\">\n\n                            <div class=\"elementor-background-overlay\"><\/div>\n            \n                <div class=\"elementor-container elementor-column-gap-extended\">\n                <div class=\"elementor-column elementor-col-50 elementor-top-column elementor-element elementor-element-cada7e3 pxl-column-none pxl-column-overflow-hidden-no\" data-id=\"cada7e3\" data-element_type=\"column\">\r\n        <div class=\"elementor-widget-wrap elementor-element-populated\">\r\n                     \r\n        \t\t<div class=\"elementor-element elementor-element-ca91771 elementor-widget elementor-widget-pxl_banner_box\" data-id=\"ca91771\" data-element_type=\"widget\" data-widget_type=\"pxl_banner_box.default\">\n\t\t\t\t<div class=\"elementor-widget-container\">\n\t\t\t\t\t<div class=\"pxl-banner pxl-banner3\">\r\n\t<div class=\"pxl-banner-inner\">\r\n\t\t\t\t\t<div class=\"pxl-main--image\">\r\n\t\t\t\t<img fetchpriority=\"high\" decoding=\"async\" class=\"\" src=\"https:\/\/www.istekaluminyum.com.tr\/wp-content\/uploads\/2024\/12\/solll.jpg\" width=\"578\" height=\"709\" alt=\"soll\" title=\"soll\" \/>\t\t\t<\/div>\r\n\t\t\t\t\t<\/div>\r\n<\/div>\t\t\t\t<\/div>\n\t\t\t\t<\/div>\n\t\t            <\/div>\r\n        <\/div>\r\n                <div class=\"elementor-column elementor-col-50 elementor-top-column elementor-element elementor-element-5f33938 pxl-column-none pxl-column-overflow-hidden-no\" data-id=\"5f33938\" data-element_type=\"column\">\r\n        <div class=\"elementor-widget-wrap elementor-element-populated\">\r\n                     \r\n        \t\t<div class=\"elementor-element elementor-element-3ebfde1 elementor-widget elementor-widget-pxl_heading\" data-id=\"3ebfde1\" data-element_type=\"widget\" data-widget_type=\"pxl_heading.default\">\n\t\t\t\t<div class=\"elementor-widget-container\">\n\t\t\t\t\t\n<div id=\"pxl-pxl_heading-3ebfde1-1143\" class=\"pxl-heading\">\n\t<div class=\"pxl-heading--inner\">\n\t\t\n\t\t<div class=\"pxl-item--title style-default highlight-default\" data-wow-delay=\"ms\">\n\n\t\t\t<span class=\"pxl-heading--text\">\n\n\t\t\t\t\t\t\t\t\tO nas\t\n\t\t\t\t\t\n\n\t\t\t<\/span>\n\t\t<\/div>\n\t\t\n\t<\/div>\n<\/div>\t\t\t\t<\/div>\n\t\t\t\t<\/div>\n\t\t\t\t<div class=\"elementor-element elementor-element-32f4d32 elementor-widget elementor-widget-pxl_text_editor\" data-id=\"32f4d32\" data-element_type=\"widget\" data-widget_type=\"pxl_text_editor.default\">\n\t\t\t\t<div class=\"elementor-widget-container\">\n\t\t\t\t\t<div class=\"pxl-text-editor\">\n\t<div class=\"pxl-item--inner\" data-wow-delay=\"ms\">\n\t\t<p>\u0130stek Aluminium, sp\u00f3\u0142ka zale\u017cna \u0130stek Aluminium, zosta\u0142a za\u0142o\u017cona w Polsce w 2024 roku i od wielu lat \u015bwiadczy us\u0142ugi w zakresie arkuszy i zwoj\u00f3w aluminiowych za po\u015brednictwem swojego niezawodnego kana\u0142u dostawc\u00f3w w ca\u0142ej Europie i Wielkiej Brytanii. Podstawow\u0105 dzia\u0142alno\u015bci\u0105 firmy jest szybka i wydajna dystrybucja materia\u0142\u00f3w obj\u0119tych odpraw\u0105 celn\u0105, utrzymywanie sta\u0142ego, ci\u0105g\u0142ego \u0142a\u0144cucha dostaw w ca\u0142ej UE i Wielkiej Brytanii, przy jednoczesnym zachowaniu wiod\u0105cej pozycji w zakresie us\u0142ug.\nFirma \u0130stek Global, kt\u00f3ra prowadzi zarejestrowany program wst\u0119pny klient\u00f3w, oferuje rozwi\u0105zania dla specjalnych klient\u00f3w swoich klient\u00f3w, stosuj\u0105c wysokie standardy jako\u015bci us\u0142ug. Firma, kt\u00f3ra \u0142\u0105czy niezawodno\u015b\u0107 i wydajno\u015b\u0107 z doskona\u0142ym wygl\u0105dem, zawsze podtrzymuje swoje osi\u0105gni\u0119cia jako niezawodny wsp\u00f3\u0142pracownik dzi\u0119ki swojej wykwalifikowanej kadrze.<\/p><p>\u0130stek Aluminum, kt\u00f3ra wsp\u00f3\u0142pracuje bezpo\u015brednio ze wszystkimi g\u0142\u00f3wnymi producentami aluminium w Turcji i importuje wyroby p\u0142askie z wielu kraj\u00f3w \u015bwiata, jest firm\u0105 zarz\u0105dzaj\u0105c\u0105 sprzeda\u017c\u0105 15 000 ton materia\u0142\u00f3w rocznie, 1200 ton miesi\u0119cznie, przy czym jej dostawy s\u0105 realizowane w spos\u00f3b zapewniaj\u0105cy klientom wysok\u0105 jako\u015b\u0107 i szybk\u0105 obs\u0142ug\u0119 w najkr\u00f3tszych terminach, przy czym co najmniej 1300 ton gotowych materia\u0142\u00f3w znajduje si\u0119 w jej magazynie na sta\u0142e. Posiada du\u017ce zapasy i r\u00f3\u017cnorodno\u015b\u0107 produkt\u00f3w importowanych ze stop\u00f3w metali.<\/p><p>Ponadto firma dostarcza rozwi\u0105zania dla prac projektowych i zam\u00f3wie\u0144 o niestandardowych wymiarach dzi\u0119ki swojej linii do elektrostatycznego malowania proszkowego, us\u0142ugom ci\u0119cia i gi\u0119cia oraz dostawom materia\u0142\u00f3w w postaci anodowanych arkuszy aluminiowych.<\/p><p>Opr\u00f3cz grupy wyrob\u00f3w p\u0142askich, sprzedaje r\u00f3wnie\u017c grupy wyrob\u00f3w wyt\u0142aczanych (profile) i panele kompozytowe.<\/p><p>Y\u0131ll\u0131k sat\u0131\u015f hacminin %35\u2019lik k\u0131sm\u0131 ihracat olup, global pazarda da faaliyetlerini Polonya\u2019da bulunan \u0130stek Global \u015firketi \u00fczerinden y\u00fcr\u00fctmektedir.<\/p><p>\u0130stek Aluminum niezmiennie pozostaje pionierem w swoim sektorze i zapewnia wysokiej jako\u015bci us\u0142ugi wszystkim swoim interesariuszom, a jej podej\u015bcie biznesowe opiera si\u0119 na zadowoleniu klienta i zaufaniu.<\/p>\t\t\n\t<\/div>\n<\/div>\t\t\t\t<\/div>\n\t\t\t\t<\/div>\n\t\t            <\/div>\r\n        <\/div>\r\n        \t\t\t<\/div>\n\t\t<\/section>\n\t\t\t\t<\/div>","protected":false},"excerpt":{"rendered":"<p>Hakk\u0131m\u0131zda \u0130stek Al\u00fcminyum, 2000 y\u0131l\u0131nda Al\u00fcminyum Eloksal hizmeti vermek \u00fczere kurulmu\u015ftur. Kurulu\u015fundan g\u00fcn\u00fcm\u00fcze kadar sa\u011flam\u0131\u015f oldu\u011fu hizmet kalitesiyle birlikte \u00fcr\u00fcn yelpazesini geni\u015fleterek her zaman kendini yenileyen bir tutum sergilemi\u015ftir. Al\u00fcminyum yass\u0131 mamul \u00fcr\u00fcnler ba\u015fta olmak \u00fczere, \u00e7e\u015fitli faaliyet alanlar\u0131nda hizmet veren, yurt i\u00e7i ve yurt d\u0131\u015f\u0131 tedarik\u00e7ilerinden sa\u011flad\u0131\u011f\u0131 \u00fcr\u00fcn \u00e7e\u015fitlili\u011fi ile geni\u015f ve y\u00fcksek miktardaki [&hellip;]<\/p>","protected":false},"author":1,"featured_media":0,"parent":0,"menu_order":0,"comment_status":"closed","ping_status":"closed","template":"","meta":{"footnotes":""},"class_list":["post-19","page","type-page","status-publish","hentry"],"_links":{"self":[{"href":"https:\/\/www.istekaluminyum.com.tr\/pl\/wp-json\/wp\/v2\/pages\/19","targetHints":{"allow":["GET"]}}],"collection":[{"href":"https:\/\/www.istekaluminyum.com.tr\/pl\/wp-json\/wp\/v2\/pages"}],"about":[{"href":"https:\/\/www.istekaluminyum.com.tr\/pl\/wp-json\/wp\/v2\/types\/page"}],"author":[{"embeddable":true,"href":"https:\/\/www.istekaluminyum.com.tr\/pl\/wp-json\/wp\/v2\/users\/1"}],"replies":[{"embeddable":true,"href":"https:\/\/www.istekaluminyum.com.tr\/pl\/wp-json\/wp\/v2\/comments?post=19"}],"version-history":[{"count":0,"href":"https:\/\/www.istekaluminyum.com.tr\/pl\/wp-json\/wp\/v2\/pages\/19\/revisions"}],"wp:attachment":[{"href":"https:\/\/www.istekaluminyum.com.tr\/pl\/wp-json\/wp\/v2\/media?parent=19"}],"curies":[{"name":"wp","href":"https:\/\/api.w.org\/{rel}","templated":true}]}}