{"id":21,"date":"2024-06-20T08:46:54","date_gmt":"2024-06-20T08:46:54","guid":{"rendered":"https:\/\/demo.casethemes.net\/industio\/?page_id=21"},"modified":"2025-08-20T20:02:49","modified_gmt":"2025-08-20T20:02:49","slug":"komunikacja","status":"publish","type":"page","link":"https:\/\/www.istekaluminyum.com.tr\/pl\/komunikacja\/","title":{"rendered":"Komunikacja"},"content":{"rendered":"<div data-elementor-type=\"wp-page\" data-elementor-id=\"21\" class=\"elementor elementor-21\">\n\t\t\t\t        <section class=\"elementor-section elementor-top-section elementor-element elementor-element-2447d87 elementor-section-boxed elementor-section-height-default elementor-section-height-default pxl-row-scroll-none pxl-zoom-point-false pxl-section-overflow-visible pxl-section-fix-none pxl-bg-color-none pxl-section-overlay-none\" data-id=\"2447d87\" data-element_type=\"section\">\n\n                \n                <div class=\"elementor-container elementor-column-gap-extended\">\n                <div class=\"elementor-column elementor-col-50 elementor-top-column elementor-element elementor-element-e0dbb0a pxl-column-none pxl-column-overflow-hidden-no\" data-id=\"e0dbb0a\" data-element_type=\"column\" data-settings=\"{&quot;background_background&quot;:&quot;classic&quot;}\">\r\n        <div class=\"elementor-widget-wrap elementor-element-populated\">\r\n                     \r\n        \t\t<div class=\"elementor-element elementor-element-8b7bce6 elementor-widget elementor-widget-pxl_contact_form\" data-id=\"8b7bce6\" data-element_type=\"widget\" data-widget_type=\"pxl_contact_form.default\">\n\t\t\t\t<div class=\"elementor-widget-container\">\n\t\t\t\t\t    <div class=\"pxl-contact-form pxl-contact-form1 btn-default btn-w-full\" data-wow-delay=\"ms\">\r\n        \n<div class=\"wpcf7 no-js\" id=\"wpcf7-f753-o1\" lang=\"en-US\" dir=\"ltr\" data-wpcf7-id=\"753\">\n<div class=\"screen-reader-response\"><p role=\"status\" aria-live=\"polite\" aria-atomic=\"true\"><\/p> <ul><\/ul><\/div>\n<form action=\"\/pl\/wp-json\/wp\/v2\/pages\/21#wpcf7-f753-o1\" method=\"post\" class=\"wpcf7-form init\" aria-label=\"Formularz kontaktowy\" novalidate=\"novalidate\" data-status=\"init\" data-trp-original-action=\"\/pl\/wp-json\/wp\/v2\/pages\/21#wpcf7-f753-o1\">\n<fieldset class=\"hidden-fields-container\"><input type=\"hidden\" name=\"_wpcf7\" value=\"753\" \/><input type=\"hidden\" name=\"_wpcf7_version\" value=\"6.1.1\" \/><input type=\"hidden\" name=\"_wpcf7_locale\" value=\"en_US\" \/><input type=\"hidden\" name=\"_wpcf7_unit_tag\" value=\"wpcf7-f753-o1\" \/><input type=\"hidden\" name=\"_wpcf7_container_post\" value=\"0\" \/><input type=\"hidden\" name=\"_wpcf7_posted_data_hash\" value=\"\" \/>\n<\/fieldset>\n<div class=\"wp-row-ctf7\">\n\t<div class=\"row input-contact\">\n\t\t<div class=\"col-xl-12 col-lg-12 col-md-12 col-sm-12\">\n\t\t\t<div class=\"input-filled\">\n\t\t\t\t<p><span class=\"wpcf7-form-control-wrap\" data-name=\"your-name\"><input size=\"40\" maxlength=\"400\" class=\"wpcf7-form-control wpcf7-text wpcf7-validates-as-required\" autocomplete=\"name\" aria-required=\"true\" aria-invalid=\"false\" placeholder=\"Twoje imi\u0119*\" value=\"\" type=\"text\" name=\"your-name\" \/><\/span>\n\t\t\t\t<\/p>\n\t\t\t<\/div>\n\t\t\t<div class=\"input-filled\">\n\t\t\t\t<p><span class=\"wpcf7-form-control-wrap\" data-name=\"your-email\"><input size=\"40\" maxlength=\"400\" class=\"wpcf7-form-control wpcf7-email wpcf7-validates-as-required wpcf7-text wpcf7-validates-as-email\" autocomplete=\"email\" aria-required=\"true\" aria-invalid=\"false\" placeholder=\"E-mail*\" value=\"\" type=\"email\" name=\"your-email\" \/><\/span>\n\t\t\t\t<\/p>\n\t\t\t<\/div>\n\t\t\t<div class=\"input-filled\">\n\t\t\t\t<p><span class=\"wpcf7-form-control-wrap\" data-name=\"your-phone\"><input size=\"40\" maxlength=\"400\" class=\"wpcf7-form-control wpcf7-text wpcf7-validates-as-required\" aria-required=\"true\" aria-invalid=\"false\" placeholder=\"Telefon*\" value=\"\" type=\"text\" name=\"your-phone\" \/><\/span>\n\t\t\t\t<\/p>\n\t\t\t<\/div>\n\t\t\t<div class=\"input-filled\">\n\t\t\t\t<p><span class=\"wpcf7-form-control-wrap\" data-name=\"textarea-571\"><textarea cols=\"40\" rows=\"10\" maxlength=\"2000\" class=\"wpcf7-form-control wpcf7-textarea\" aria-invalid=\"false\" placeholder=\"Wiadomo\u015b\u0107\" name=\"textarea-571\"><\/textarea><\/span>\n\t\t\t\t<\/p>\n\t\t\t<\/div>\n\t\t\t<div class=\"input-filled input-filled-btn\">\n\t\t\t\t<p><button class=\"wpcf7-submit\" type=\"submit\"><span>Wy\u015blij wiadomo\u015b\u0107<\/span><\/button>\n\t\t\t\t<\/p>\n\t\t\t<\/div>\n\t\t<\/div>\n\t<\/div>\n<\/div><div class=\"wpcf7-response-output\" aria-hidden=\"true\"><\/div>\n<input type=\"hidden\" name=\"trp-form-language\" value=\"pl\"\/><\/form>\n<\/div>\n    <\/div>\r\n\t\t\t\t<\/div>\n\t\t\t\t<\/div>\n\t\t            <\/div>\r\n        <\/div>\r\n                <div class=\"elementor-column elementor-col-50 elementor-top-column elementor-element elementor-element-08eeb91 pxl-column-none pxl-column-overflow-hidden-no\" data-id=\"08eeb91\" data-element_type=\"column\">\r\n        <div class=\"elementor-widget-wrap elementor-element-populated\">\r\n                     \r\n        \t\t<div class=\"elementor-element elementor-element-58f31a5 elementor-widget elementor-widget-pxl_heading\" data-id=\"58f31a5\" data-element_type=\"widget\" data-widget_type=\"pxl_heading.default\">\n\t\t\t\t<div class=\"elementor-widget-container\">\n\t\t\t\t\t\n<div id=\"pxl-pxl_heading-58f31a5-5373\" class=\"pxl-heading\">\n\t<div class=\"pxl-heading--inner\">\n\t\t\n\t\t<h3 class=\"pxl-item--title style-default highlight-default\" data-wow-delay=\"ms\">\n\n\t\t\t<span class=\"pxl-heading--text\">\n\n\t\t\t\t\t\t\t\t\tInformacje kontaktowe\t\n\t\t\t\t\t\n\n\t\t\t<\/span>\n\t\t<\/h3>\n\t\t\n\t<\/div>\n<\/div>\t\t\t\t<\/div>\n\t\t\t\t<\/div>\n\t\t\t\t<div class=\"elementor-element elementor-element-c2a4253 elementor-widget elementor-widget-pxl_text_editor\" data-id=\"c2a4253\" data-element_type=\"widget\" data-widget_type=\"pxl_text_editor.default\">\n\t\t\t\t<div class=\"elementor-widget-container\">\n\t\t\t\t\t<div class=\"pxl-text-editor\">\n\t<div class=\"pxl-item--inner\" data-wow-delay=\"ms\">\n\t\t\nMo\u017cesz przekaza\u0107 nam swoje opinie.\n\t\t\n\t<\/div>\n<\/div>\t\t\t\t<\/div>\n\t\t\t\t<\/div>\n\t\t\t\t<div class=\"elementor-element elementor-element-2d90071 elementor-widget-mobile_extra__width-initial elementor-widget elementor-widget-pxl_contact_info\" data-id=\"2d90071\" data-element_type=\"widget\" data-widget_type=\"pxl_contact_info.default\">\n\t\t\t\t<div class=\"elementor-widget-container\">\n\t\t\t\t\t<div class=\"pxl-contact-info pxl-contact-info1\" data-wow-delay=\"ms\">\r\n\t\t\t<div class=\"pxl-item--icon pxl-mr-12\">\r\n\t\t\t<i aria-hidden=\"true\" class=\"fas fa-mail-bulk\"><\/i>\t\t<\/div>\r\n\t\t<div class=\"pxl-item--meta\">\r\n\t\t<h6 class=\"pxl-item--title el-empty\">Nasz e-mail<\/h6>\r\n\t\t<div class=\"pxl-item--subtitle el-empty\">info@istekaluminyum.com.tr<\/div>\r\n\t<\/div>\r\n\t<a class=\"pxl-item--link\" href=\"mailto:info@istekaluminyum.com.tr\"><\/a>\r\n<\/div>\t\t\t\t<\/div>\n\t\t\t\t<\/div>\n\t\t\t\t<div class=\"elementor-element elementor-element-43c444e elementor-widget-mobile_extra__width-initial elementor-widget elementor-widget-pxl_contact_info\" data-id=\"43c444e\" data-element_type=\"widget\" data-widget_type=\"pxl_contact_info.default\">\n\t\t\t\t<div class=\"elementor-widget-container\">\n\t\t\t\t\t<div class=\"pxl-contact-info pxl-contact-info1\" data-wow-delay=\"ms\">\r\n\t\t\t<div class=\"pxl-item--icon pxl-mr-12\">\r\n\t\t\t<i aria-hidden=\"true\" class=\"flaticon flaticon-telephone\"><\/i>\t\t<\/div>\r\n\t\t<div class=\"pxl-item--meta\">\r\n\t\t<h6 class=\"pxl-item--title el-empty\">Telefon<\/h6>\r\n\t\t<div class=\"pxl-item--subtitle el-empty\"> +48 508 689 632<\/div>\r\n\t<\/div>\r\n\t<a class=\"pxl-item--link\" href=\"tel: 90 212 452 9 888\"><\/a>\r\n<\/div>\t\t\t\t<\/div>\n\t\t\t\t<\/div>\n\t\t\t\t<div class=\"elementor-element elementor-element-733011a elementor-widget-mobile_extra__width-initial elementor-widget elementor-widget-pxl_contact_info\" data-id=\"733011a\" data-element_type=\"widget\" data-widget_type=\"pxl_contact_info.default\">\n\t\t\t\t<div class=\"elementor-widget-container\">\n\t\t\t\t\t<div class=\"pxl-contact-info pxl-contact-info1\" data-wow-delay=\"ms\">\r\n\t\t\t<div class=\"pxl-item--icon pxl-mr-12\">\r\n\t\t\t<i aria-hidden=\"true\" class=\"flaticon flaticon-maps-and-flags\"><\/i>\t\t<\/div>\r\n\t\t<div class=\"pxl-item--meta\">\r\n\t\t<h6 class=\"pxl-item--title el-empty\">Adres<\/h6>\r\n\t\t<div class=\"pxl-item--subtitle el-empty\">Teren przemys\u0142owy Beysan Birlik Street nr 3\/2 Beyport Plaza Beylikduzu Stambu\u0142 \/ T\u00fcrkiye<\/div>\r\n\t<\/div>\r\n\t<a class=\"pxl-item--link\" href=\"#\"><\/a>\r\n<\/div>\t\t\t\t<\/div>\n\t\t\t\t<\/div>\n\t\t\t\t<div class=\"elementor-element elementor-element-3472d73 elementor-widget elementor-widget-pxl_heading\" data-id=\"3472d73\" data-element_type=\"widget\" data-widget_type=\"pxl_heading.default\">\n\t\t\t\t<div class=\"elementor-widget-container\">\n\t\t\t\t\t\n<div id=\"pxl-pxl_heading-3472d73-4736\" class=\"pxl-heading\">\n\t<div class=\"pxl-heading--inner\">\n\t\t\n\t\t<h3 class=\"pxl-item--title style-default highlight-default\" data-wow-delay=\"ms\">\n\n\t\t\t<span class=\"pxl-heading--text\">\n\n\t\t\t\t\t\t\t\t\tMedia spo\u0142eczno\u015bciowe\t\n\t\t\t\t\t\n\n\t\t\t<\/span>\n\t\t<\/h3>\n\t\t\n\t<\/div>\n<\/div>\t\t\t\t<\/div>\n\t\t\t\t<\/div>\n\t\t\t\t<div class=\"elementor-element elementor-element-ea05ca1 elementor-widget elementor-widget-pxl_icon\" data-id=\"ea05ca1\" data-element_type=\"widget\" data-widget_type=\"pxl_icon.default\">\n\t\t\t\t<div class=\"elementor-widget-container\">\n\t\t\t\t\t    <div class=\"pxl-icon-list pxl-icon1 style-1 icon-horizontal\" data-wow-delay=\"ms\">\r\n                                    <a class=\"elementor-repeater-item-7f5dac5 ps-top\" href=\"https:\/\/www.facebook.com\/people\/%C4%B0stek-Al%C3%BCminyum\/61550872993680\/#\">\r\n                    <i aria-hidden=\"true\" class=\"flaticon flaticon-facebook-app-symbol\"><\/i>                                    <\/a>\r\n                                                <a class=\"elementor-repeater-item-8ea363a ps-top\" href=\"https:\/\/www.linkedin.com\/company\/istek-aluminium\/?viewAsMember=true\">\r\n                    <i aria-hidden=\"true\" class=\"flaticon flaticon-linkedin-big-logo\"><\/i>                                    <\/a>\r\n                                                <a class=\"elementor-repeater-item-bce12d7 ps-top\" href=\"https:\/\/www.instagram.com\/istekaluminum\/\">\r\n                    <i aria-hidden=\"true\" class=\"bootstrap-icons bi-instagram\"><\/i>                                    <\/a>\r\n                        <\/div>\r\n\t\t\t\t<\/div>\n\t\t\t\t<\/div>\n\t\t            <\/div>\r\n        <\/div>\r\n        \t\t\t<\/div>\n\t\t<\/section>\n\t\t\t\t<\/div>","protected":false},"excerpt":{"rendered":"<p>Wy\u015blij wiadomo\u015b\u0107. Dane kontaktowe. Mo\u017cesz podzieli\u0107 si\u0119 z nami swoj\u0105 opini\u0105. Nasz adres e-mail to info@istekaluminyum.com.tr. Telefon: +90 212 452 9 888. Adres: Beysan Industrial Site, Birlik Street nr 3\/2, Beyport Plaza, Beylikduzu, Stambu\u0142 \/ Turcja. Media spo\u0142eczno\u015bciowe.<\/p>","protected":false},"author":1,"featured_media":0,"parent":0,"menu_order":0,"comment_status":"closed","ping_status":"closed","template":"","meta":{"footnotes":""},"class_list":["post-21","page","type-page","status-publish","hentry"],"_links":{"self":[{"href":"https:\/\/www.istekaluminyum.com.tr\/pl\/wp-json\/wp\/v2\/pages\/21","targetHints":{"allow":["GET"]}}],"collection":[{"href":"https:\/\/www.istekaluminyum.com.tr\/pl\/wp-json\/wp\/v2\/pages"}],"about":[{"href":"https:\/\/www.istekaluminyum.com.tr\/pl\/wp-json\/wp\/v2\/types\/page"}],"author":[{"embeddable":true,"href":"https:\/\/www.istekaluminyum.com.tr\/pl\/wp-json\/wp\/v2\/users\/1"}],"replies":[{"embeddable":true,"href":"https:\/\/www.istekaluminyum.com.tr\/pl\/wp-json\/wp\/v2\/comments?post=21"}],"version-history":[{"count":0,"href":"https:\/\/www.istekaluminyum.com.tr\/pl\/wp-json\/wp\/v2\/pages\/21\/revisions"}],"wp:attachment":[{"href":"https:\/\/www.istekaluminyum.com.tr\/pl\/wp-json\/wp\/v2\/media?parent=21"}],"curies":[{"name":"wp","href":"https:\/\/api.w.org\/{rel}","templated":true}]}}